{"id":1648,"date":"2019-10-01T19:00:10","date_gmt":"2019-10-01T17:00:10","guid":{"rendered":"https:\/\/www.canacoon.com\/?page_id=1648"},"modified":"2019-10-01T19:05:11","modified_gmt":"2019-10-01T17:05:11","slug":"e-mail-disclaimer","status":"publish","type":"page","link":"https:\/\/www.canacoon.com\/en\/contact\/e-mail-disclaimer\/","title":{"rendered":"E-Mail Disclaimer"},"content":{"rendered":"<p><span style=\"font-size: 11.5pt; font-family: 'Verdana',sans-serif; color: #282828; letter-spacing: .3pt;\">Diese E-Mail inklusive aller Anlagen ist ausschlie\u00dflich f\u00fcr den Adressaten bestimmt und enth\u00e4lt m\u00f6glicherweise vertrauliche und\/oder rechtlich gesch\u00fctzte Informationen. Falls der Empf\u00e4nger dieser Nachricht nicht der beabsichtigte Adressat oder ein f\u00fcr den Mail-Zugang zust\u00e4ndiger Mitarbeiter oder Vertreter ist, werden Sie hiermit darauf aufmerksam gemacht, dass jede Weitergabe, Verteilung, Vervielf\u00e4ltigung oder sonstige Nutzung dieser Nachricht oder ihrer Anlagen untersagt ist. Wenn Sie diese Nachricht aus Versehen erhalten haben, informieren Sie bitte den Absender per E-Mail und l\u00f6schen Sie diese E-Mail inklusive aller Anlagen von Ihren IT-Systemen. Vielen Dank.<\/span><\/p>\n<p><span style=\"font-size: 11.5pt; font-family: 'Verdana',sans-serif; color: #282828; letter-spacing: .3pt;\">This e-mail message including all attachments is confidential, is intended only for the named recipient(s) above, and may contain information that is privileged, attorney work product or exempt from disclosure under applicable law. If you have received this message in error, or are not a named recipient(s), you are hereby notified that any dissemination, distribution or copying of this e-mail is strictly prohibited. If you have received this message in error, please immediately notify the sender by return e-mail and delete this e-mail message including all attachments from your IT-Systems. Thank you for your cooperation.<\/span><\/p>\n<p>&nbsp;<\/p>\n","protected":false},"excerpt":{"rendered":"<p>Diese E-Mail inklusive aller Anlagen ist ausschlie\u00dflich f\u00fcr den Adressaten bestimmt und enth\u00e4lt m\u00f6glicherweise vertrauliche und\/oder rechtlich gesch\u00fctzte Informationen. Falls der Empf\u00e4nger dieser Nachricht nicht der beabsichtigte Adressat oder ein f\u00fcr den Mail-Zugang zust\u00e4ndiger Mitarbeiter oder Vertreter ist, werden Sie hiermit darauf aufmerksam gemacht, dass jede Weitergabe, Verteilung, Vervielf\u00e4ltigung oder sonstige Nutzung dieser Nachricht oder [&hellip;]<\/p>\n","protected":false},"author":2,"featured_media":1652,"parent":473,"menu_order":3,"comment_status":"closed","ping_status":"closed","template":"page-ueberuns.php","meta":{"footnotes":""},"class_list":["post-1648","page","type-page","status-publish","has-post-thumbnail","hentry"],"_links":{"self":[{"href":"https:\/\/www.canacoon.com\/en\/wp-json\/wp\/v2\/pages\/1648","targetHints":{"allow":["GET"]}}],"collection":[{"href":"https:\/\/www.canacoon.com\/en\/wp-json\/wp\/v2\/pages"}],"about":[{"href":"https:\/\/www.canacoon.com\/en\/wp-json\/wp\/v2\/types\/page"}],"author":[{"embeddable":true,"href":"https:\/\/www.canacoon.com\/en\/wp-json\/wp\/v2\/users\/2"}],"replies":[{"embeddable":true,"href":"https:\/\/www.canacoon.com\/en\/wp-json\/wp\/v2\/comments?post=1648"}],"version-history":[{"count":1,"href":"https:\/\/www.canacoon.com\/en\/wp-json\/wp\/v2\/pages\/1648\/revisions"}],"predecessor-version":[{"id":1649,"href":"https:\/\/www.canacoon.com\/en\/wp-json\/wp\/v2\/pages\/1648\/revisions\/1649"}],"up":[{"embeddable":true,"href":"https:\/\/www.canacoon.com\/en\/wp-json\/wp\/v2\/pages\/473"}],"wp:featuredmedia":[{"embeddable":true,"href":"https:\/\/www.canacoon.com\/en\/wp-json\/wp\/v2\/media\/1652"}],"wp:attachment":[{"href":"https:\/\/www.canacoon.com\/en\/wp-json\/wp\/v2\/media?parent=1648"}],"curies":[{"name":"wp","href":"https:\/\/api.w.org\/{rel}","templated":true}]}}