{"id":756,"date":"2014-06-27T17:52:03","date_gmt":"2014-06-27T15:52:03","guid":{"rendered":"https:\/\/www.canacoon.com\/?page_id=756"},"modified":"2016-11-19T11:09:26","modified_gmt":"2016-11-19T10:09:26","slug":"code-of-conduct-versicherung","status":"publish","type":"page","link":"https:\/\/www.canacoon.com\/en\/code-of-conduct-versicherung\/","title":{"rendered":"Code of Conduct Versicherung"},"content":{"rendered":"<h4>canacoon gibt der Versicherungswirtschaft das Vertrauen zur\u00fcck<\/h4>\n<p>Der Gesamtverband der Deutschen Versicherungswirtschaft (GDV) hat 2013 gemeinsam mit seinen Mitgliedsunternehmen, Verbraucher- und Datensch\u00fctzern \u201eVerhaltensregeln f\u00fcr den Umgang mit personenbezogenen Daten durch die deutsche Versicherungswirtschaft\u201c, den sogenannten Code of Conduct (CoC) Datenschutz, entwickelt. Versicherungen, die diesem beitreten, verpflichten sich, ein umfassendes Datenschutz- und Datensicherheitskonzept zu erstellen, in dem die technischen und organisatorischen Ma\u00dfnahmen enthalten sind, die der Versicherer zum Schutz der personenbezogenen Daten getroffen hat. Die canacoon GmbH als unabh\u00e4ngiges Beratungshaus im Bereich Datenschutz und Sicherheit mit besonderer Expertise in den Fachgebieten Recht sowie BI (Business Intelligence) und Big Data, unterst\u00fctzt Versicherungen auf dem Weg von der Bewertung bis zur Erreichung der Einhaltung der Vorgaben des CoC Datenschutzes. Im entsprechenden Erfolgsfall wird dessen Einhaltung auf Grundlage eines Audits best\u00e4tigt. Die hierf\u00fcr erarbeiteten \u201ecanacoon practices\u201c, Vorgehensweisen und Auditkataloge garantieren die erforderliche Nachvollziehbarkeit und Nachhaltigkeit f\u00fcr Verbraucher und Versicherungen. <\/p>\n<h4>Was der Code of Conduct Datenschutz regelt<\/h4>\n<p>Im Code of Conduct sind die \u201cVerhaltensregeln f\u00fcr den Umgang mit personenbezogenen Daten durch die deutsche Versicherungswirtschaft\u201c beschrieben. Die gesetzlichen Anforderungen f\u00fcr den Datenschutz in der Versicherungswirtschaft basieren im Wesentlichen auf der versicherungsspezifischen Gesetzgebung, dem Gesetz zum unlauteren Wettbewerb, den Sozialgesetzgebungen sowie dem Bundesdatenschutzgesetz (BDSG). (weiterf\u00fchrende Informationen zum <a href=\"https:\/\/www.canacoon.com\/code-of-conduct-datenschutz\/\" title=\"Wo kommt der Code of Conduct Datenschutz her?\">Code of Conduct<\/a>)<\/p>\n<h4>Mehrwert f\u00fcr den Kunden<\/h4>\n<p>Anhand der \u00fcber alle Branchen hinweg auftretenden Datenschutzverst\u00f6\u00dfe der letzten Zeit zeigt sich, dass die erforderliche Einhaltung nicht \u00fcberall mit der n\u00f6tigen Sorgfalt gew\u00e4hrleistet wurde. Der CoC Datenschutz soll hier Transparenz schaffen und aufzeigen, nach welchen Grunds\u00e4tzen die beigetretenen Unternehmen die Anforderungen umsetzen. <\/p>\n<h4>Achillesferse<\/h4>\n<p>Der Beitritt zum CoC Datenschutz ist freiwillig. Die Best\u00e4tigung der Einhaltung durch das beigetretene Versicherungsunternehmen erfolgt nach Annahmen einiger Versicherungen durch eine dementsprechende Eigenbest\u00e4tigung des Versicherungsunternehmens an den GDV. Eine qualifizierte \u00dcberpr\u00fcfung der Einhaltung des Datenschutzes ist durch den Beitritt alleine noch nicht zwingend gegeben. Es kommt also derzeitig noch auf die Nachhaltigkeit der handelnden Akteure an.<\/p>\n<h4>Grenzen des CoC Datenschutzes heute<\/h4>\n<p>Gerade f\u00fcr die Versicherungswirtschaft ist Vertrauen wichtig. Die derzeitig noch nicht ausgesprochene Verpflichtung zur Auditierung durch unabh\u00e4ngige Dritte, reduziert die Aussagekraft des CoC Datenschutz als Mittel der Vertrauensbildung auf ein Minimum. Ein Datenschutzvorfall bei einem Versicherungsunternehmen w\u00fcrde dies zur Herausforderung f\u00fcr die betroffene Versicherungen beziehungsweise das Vertrauen in die gesamte Versicherungsbranche machen. Dass der Code of Conduct in der heutigen Form ein sehr gutes und geeignetes Werkzeug sein kann, die Transparenz und das Vertrauen der Kunden in die Versicherungswirtschaft nachhaltig zu steigern, ist unstrittig. <\/p>\n<h4>canacoon Portfolio rund um Datenschutz<\/h4>\n<p>Die Leistungen der canacoon GmbH reichen von der Analyse der rechtlichen Verpflichtungen \u00fcber die Analyse des Datenschutz IST-Standes bis zu den erforderlichen Ma\u00dfnahmen, insbesondere unter Ber\u00fccksichtigung von Strategie, Technologien und Outsourcing. Abgerundet wird das Portfolio durch die Umsetzungsunterst\u00fctzung und Konzeption von Datenschutz und im Speziellen von CoC Datenschutz konformen Implementierungen, Architekturen, Organisationsstrukturen und Vertragswerken.<\/p>\n<h4>Leistungen der canacoon zum Code of Conduct der Versicherungsbranche im Detail<\/h4>\n<p>Mit dem Anspruch der canacoon ein Thema stets ganzheitlich zu beraten, betrachtet canacoon auch den Code of Conduct aus verschiedenen Perspektiven und sucht f\u00fcr jede Perspektive die optimale Vorgehensweise, um so horizontal wie vertikal das Thema nachhaltig zu bearbeiten. Durch Ihre Expertise in den Bereichen Business Security, Datenschutz und Informationssicherheit ist canacoon in der Lage, das Thema des CoC Datenschutzes unter anderem aus folgenden Perspektiven zu betrachten:<\/p>\n<p><img loading=\"lazy\" decoding=\"async\" src=\"https:\/\/www.canacoon.com\/wp-content\/uploads\/2014\/07\/Code-of-Conduct-Datenschutz-die-canacoon-Blickwinkel.jpg\" alt=\"Big_Data_Security_Intelligence_Grafik\" width=\"900\" height=\"520\" class=\"img_responsive alignnone size-medium wp-image-315\" \/><\/p>\n<p>Das Ziel unserer Beratungsleistungen ist grunds\u00e4tzlich die Schaffung, Stabilisierung, Optimierung und nachhaltige Absicherung von Vertrauen bei den  Kunden unserer Kunden. Rechtssicherheit, Nicht-Angreifbarkeit und Transparenz stehen damit ebenso im Fokus wie die Durchg\u00e4ngigkeit und das Entzerren von Prozessen und Abl\u00e4ufen. Die Reduktion von technischer und organisatorischer Komplexit\u00e4t ist bei canacoon nicht nur ein Nebenziel, sondern integraler Bestandteil unseres ganzheitlichen Ansatzes. Zwar liegt der Hauptfokus unserer Betrachtungen im direkten Umfeld unserer Kunden, doch ber\u00fccksichtigt canacoon auch weitere Einflussfaktoren, die zu den oben genannten Perspektiven in direktem wie indirektem Bezug stehen, um eine ganzheitliche Beratung im Sinne einer integrierten Business Security zu leisten:<\/p>\n<p><img loading=\"lazy\" decoding=\"async\" src=\"https:\/\/www.canacoon.com\/wp-content\/uploads\/2014\/07\/Code-of-Conduct-Datenschutz-die-externen-Einflussfaktoren.jpg\" alt=\"Big_Data_Security_Intelligence_Grafik\" width=\"900\" height=\"520\" class=\"img_responsive alignnone size-medium wp-image-315\" \/><\/p>\n<h4>Lifecycle in Code of Conduct Projekten<\/h4>\n<p>Der Lifecycle in Code of Conduct Projekten sowie das Vorgehen im Speziellen wurde durch canacoon in den canacoon consulting practises erarbeitet und umfasst auch die typischen &#8220;Stolperfallen&#8221; in diesen Projekten, so dass diese rechtzeitig erkannt und zeitnah Ber\u00fccksichtigung finden. Die richtigen Fragen werden zum richtigen Zeitpunkt gestellt. Als L\u00f6sungsunterst\u00fctzung gew\u00e4hrleistet der \u201eblaue Faden durch das Projekt\u201c eine kosteneffiziente Projekterfolgssicherung. <\/p>\n<p><img loading=\"lazy\" decoding=\"async\" src=\"https:\/\/www.canacoon.com\/wp-content\/uploads\/2014\/07\/Code-of-Conduct-Datenschutz-Projektlifecycle.jpg\" alt=\"Code of Conduct Daenschutz Projektlifecycle Grafik\" width=\"900\" height=\"520\" class=\"img_responsive alignnone size-medium wp-image-315\" \/><\/p>\n<h4>Aufgabenstellung und Leistungsbereiche<\/h4>\n<h3>1.\tAnforderungsanalyse<\/h3>\n<p>Bereits in der Anforderungsanalyse werden die zentralen Weichen f\u00fcr den Gesamtprojekterfolg gestellt. Hier ist mit gro\u00dfer Sorgfalt eine genaue Analyse der Anforderungen, welche sich aus den unterschiedlichen Perspektiven ergeben, durchzuf\u00fchren und fortlaufend kritisch zu hinterfragen. Idealerweise sollte diese Phase noch nicht mit L\u00f6sungsans\u00e4tzen behaftet sein, sondern sich vollkommen auf die Requirements konzentrieren.<\/p>\n<p>Die canacoon bietet durch ihre Expertise und ihre canacoon consulting practises ein Framework, das sehr stark an die klassische analytische Vorgehensweise der Requirements Engineering Prozesse angelehnt ist, sich aber weniger auf Software und Technik, sondern mehr auf Prozesse und Organisation konzentriert. Diese Methode von canacoon hat sich sehr bew\u00e4hrt, da sie durch ihre Reduktion auf die Kernthemen und Kernfragen, ohne bereits vorhandene L\u00f6sungsans\u00e4tze zu propagieren, den wesentlichen Themenkern herausarbeitet.<\/p>\n<h3>2.\tPlanungsphase<\/h3>\n<p>In der Planungsphase kommt es darauf an, insbesondere die zahlreichen Abh\u00e4ngigkeiten beim CoC Datenschutz planerisch \u201ein den Griff zu bekommen\u201c, da die Vielf\u00e4ltigkeit der Fragestellungen im Hinblick auf Technik, Organisation, Prozess und rechtliche Interpretation im steten Wechselspiel miteinander stehen. canacoon wendet Methoden des agilen Projektmanagements an, um gen\u00fcgend Planungssicherheit und Elastizit\u00e4t einerseits sowie die Wechselwirkungen zwischen einzelnen Themen andererseits zu ber\u00fccksichtigen.<\/p>\n<h3>3.\tUmsetzungsphase<\/h3>\n<p>Die Umsetzungsphase ist typischerweise von der unterschiedlichen Dynamik der einzelnen Themen, ihrer Komplexit\u00e4t und den sie treibenden Personen gepr\u00e4gt und ben\u00f6tigt daher ein besonderes Know-how. Es sind die unterschiedlichen Str\u00e4nge zusammenzuf\u00fchren und es ist ein konsistentes Ganzes herzustellen. Nicht alles muss gleich und sofort erledigt werden, sondern vieles kann auf verschiedene Phasen verteilt werden, um den laufenden Betrieb nicht zu st\u00f6ren oder die Mitarbeiterinnen und Mitarbeiter mit einer Vielzahl von Prozessver\u00e4nderungen \u201eaus dem Tritt zu bringen.\u201c  <\/p>\n<p>canacoon setzt genau hier mit ihren canacoon consulting practises an und  h\u00e4lt den \u201eblauen Faden\u201c des Themas in der Hand. Mit einem iterativen Umsetzungsprozess werden die &#8220;Stolpersteine&#8221; gar nicht erst zu solchen.<\/p>\n<h3>4.\tEffizienz- und Nachhaltigkeitspr\u00fcfung<\/h3>\n<p>Das Pr\u00fcfen der Effizienz und Nachhaltigkeit stehen bei canacoon am Abschluss eines jeden Projektes. Dies ist im Thema CoC Datenschutz unbedingt erforderlich, um nicht nur gegen\u00fcber der Aufsichtsbeh\u00f6rde, sondern auch gegen\u00fcber den Kunden und der \u00d6ffentlichkeit den COC Datenschutz als sicheres Vertrauenselement nutzen zu k\u00f6nnen. Hier kann canacoon insbesondere durch ein internes Audit, welches dann von nicht am Projekt beteiligten Beraterinnen und Beratern durchgef\u00fchrt wird, viel dazu beitragen, letzte Ecken und Kanten zu beseitigen und das Ergebnis insgesamt abzurunden.<\/p>\n<h4>Sie sind interessiert an weiteren Informationen, einer Beratung oder einem konkreten Projekt? Dann kontaktieren sie uns bitte. Wir helfen Ihnen gerne weiter!<br \/>\n<\/h4>\n<h3> <\/h3>\n<p><a class=\"text_22\" href=\"https:\/\/www.canacoon.com\/leitfaden-coc-datenschutz\/\" title=\"zum Leitfaden COC Datenschutz\">>> Den Leitfaden zur erfolgreichen Umsetzung des Code of Conduct in der Versicherungswirtschaft k\u00f6nnen Sie hier bestellen<\/a><\/p>\n","protected":false},"excerpt":{"rendered":"<p>canacoon gibt der Versicherungswirtschaft das Vertrauen zur\u00fcck Der Gesamtverband der Deutschen Versicherungswirtschaft (GDV) hat 2013 gemeinsam mit seinen Mitgliedsunternehmen, Verbraucher- und Datensch\u00fctzern \u201eVerhaltensregeln f\u00fcr den Umgang mit personenbezogenen Daten durch die deutsche Versicherungswirtschaft\u201c, den sogenannten Code of Conduct (CoC) Datenschutz, entwickelt. Versicherungen, die diesem beitreten, verpflichten sich, ein umfassendes Datenschutz- und Datensicherheitskonzept zu erstellen, in [&hellip;]<\/p>\n","protected":false},"author":2,"featured_media":286,"parent":0,"menu_order":0,"comment_status":"closed","ping_status":"closed","template":"","meta":{"footnotes":""},"class_list":["post-756","page","type-page","status-publish","has-post-thumbnail","hentry"],"_links":{"self":[{"href":"https:\/\/www.canacoon.com\/en\/wp-json\/wp\/v2\/pages\/756","targetHints":{"allow":["GET"]}}],"collection":[{"href":"https:\/\/www.canacoon.com\/en\/wp-json\/wp\/v2\/pages"}],"about":[{"href":"https:\/\/www.canacoon.com\/en\/wp-json\/wp\/v2\/types\/page"}],"author":[{"embeddable":true,"href":"https:\/\/www.canacoon.com\/en\/wp-json\/wp\/v2\/users\/2"}],"replies":[{"embeddable":true,"href":"https:\/\/www.canacoon.com\/en\/wp-json\/wp\/v2\/comments?post=756"}],"version-history":[{"count":33,"href":"https:\/\/www.canacoon.com\/en\/wp-json\/wp\/v2\/pages\/756\/revisions"}],"predecessor-version":[{"id":963,"href":"https:\/\/www.canacoon.com\/en\/wp-json\/wp\/v2\/pages\/756\/revisions\/963"}],"wp:featuredmedia":[{"embeddable":true,"href":"https:\/\/www.canacoon.com\/en\/wp-json\/wp\/v2\/media\/286"}],"wp:attachment":[{"href":"https:\/\/www.canacoon.com\/en\/wp-json\/wp\/v2\/media?parent=756"}],"curies":[{"name":"wp","href":"https:\/\/api.w.org\/{rel}","templated":true}]}}